{"id":1512,"date":"2024-04-28T15:23:56","date_gmt":"2024-04-28T13:23:56","guid":{"rendered":"https:\/\/dr-ecu.nl\/?page_id=1512"},"modified":"2024-04-28T17:38:22","modified_gmt":"2024-04-28T15:38:22","slug":"snelle-en-professionele-reparatie-van-uw-ecu","status":"publish","type":"page","link":"https:\/\/dr-ecu.nl\/de\/snelle-en-professionele-reparatie-van-uw-ecu\/","title":{"rendered":"Ecu-Reparatur"},"content":{"rendered":"<div data-elementor-type=\"wp-page\" data-elementor-id=\"1512\" class=\"elementor elementor-1512\" data-elementor-post-type=\"page\">\n\t\t\t\t<div class=\"elementor-element elementor-element-4095d93 pad-tb-m e-flex e-con-boxed e-con e-parent\" data-id=\"4095d93\" data-element_type=\"container\" data-e-type=\"container\" data-settings=\"{&quot;background_background&quot;:&quot;classic&quot;}\">\n\t\t\t\t\t<div class=\"e-con-inner\">\n\t\t<div class=\"elementor-element elementor-element-cab385c e-con-full e-flex e-con e-child\" data-id=\"cab385c\" data-element_type=\"container\" data-e-type=\"container\">\n\t\t\t\t<div class=\"elementor-element elementor-element-fec5b1b elementor-widget elementor-widget-image\" data-id=\"fec5b1b\" data-element_type=\"widget\" data-e-type=\"widget\" data-widget_type=\"image.default\">\n\t\t\t\t<div class=\"elementor-widget-container\">\n\t\t\t\t\t\t\t\t\t\t\t\t\t\t\t<img fetchpriority=\"high\" decoding=\"async\" width=\"1065\" height=\"710\" src=\"https:\/\/dr-ecu.nl\/wp-content\/uploads\/ecu_reparatie.jpg\" class=\"attachment-full size-full wp-image-1596\" alt=\"\" srcset=\"https:\/\/dr-ecu.nl\/wp-content\/uploads\/ecu_reparatie.jpg 1065w, https:\/\/dr-ecu.nl\/wp-content\/uploads\/ecu_reparatie-300x200.jpg 300w, https:\/\/dr-ecu.nl\/wp-content\/uploads\/ecu_reparatie-1024x683.jpg 1024w, https:\/\/dr-ecu.nl\/wp-content\/uploads\/ecu_reparatie-768x512.jpg 768w\" sizes=\"(max-width: 1065px) 100vw, 1065px\" \/>\t\t\t\t\t\t\t\t\t\t\t\t\t\t\t<\/div>\n\t\t\t\t<\/div>\n\t\t\t\t<div class=\"elementor-element elementor-element-281db3e elementor-widget elementor-widget-heading\" data-id=\"281db3e\" data-element_type=\"widget\" data-e-type=\"widget\" data-widget_type=\"heading.default\">\n\t\t\t\t<div class=\"elementor-widget-container\">\n\t\t\t\t\t<h2 class=\"elementor-heading-title elementor-size-default\">Ecu-Reparatur<\/h2>\t\t\t\t<\/div>\n\t\t\t\t<\/div>\n\t\t\t\t<div class=\"elementor-element elementor-element-f9f1e31 elementor-widget elementor-widget-text-editor\" data-id=\"f9f1e31\" data-element_type=\"widget\" data-e-type=\"widget\" data-widget_type=\"text-editor.default\">\n\t\t\t\t<div class=\"elementor-widget-container\">\n\t\t\t\t\t\t\t\t\t<p style=\"font-weight: 400;\">Moderne Autos sind voll von Elektronik. Das ECU (Electronic Control Unit) ist der Chef all dieser Elektronik. Was aber, wenn Ihr Steuerger\u00e4t kaputt geht? Dann fallen pl\u00f6tzlich bestimmte Funktionen aus, in manchen F\u00e4llen kann Ihr Auto sogar ganz stehen bleiben.<br \/><br \/><\/p><p style=\"font-weight: 400;\">Ein neues Steuerger\u00e4t ist meist eine teure Angelegenheit. Die Reparatur des Steuerger\u00e4ts ist daher oft eine kosteng\u00fcnstige L\u00f6sung.<\/p><p style=\"font-weight: 400;\">Zum Gl\u00fcck k\u00f6nnen Sie sich daf\u00fcr an Dr. Ecu wenden. Wir haben mehr als 20 Jahre Erfahrung in der Reparatur aller Arten von Steuerger\u00e4ten. Wir verwenden modernste Ger\u00e4te und Techniken, um Ihr Steuerger\u00e4t schnell und professionell zu reparieren.<br \/><br \/>Wenn das Steuerger\u00e4t nicht mehr zu reparieren ist, k\u00f6nnen wir in vielen F\u00e4llen auch mit einem gebrauchten Steuerger\u00e4t helfen. In unserem Lager haben wir mittlerweile \u00fcber 500 gebrauchte Steuerger\u00e4te, Instrumententafeln, bcms und vieles mehr.<\/p><p style=\"font-weight: 400;\">\u00a0<\/p><p style=\"font-weight: 400;\">\u00a0<\/p><p style=\"font-weight: 400;\">Warum sollten Sie Ihr Steuerger\u00e4t bei Dr. Ecu reparieren lassen?<\/p><p style=\"font-weight: 400;\">\u00a0<\/p><p style=\"font-weight: 400;\">Mehr als 20 Jahre Erfahrung<\/p><p style=\"font-weight: 400;\">Modernste Ausr\u00fcstung und Techniken<\/p><p style=\"font-weight: 400;\">Schnelle und fachm\u00e4nnische Reparaturen<\/p><p style=\"font-weight: 400;\">Konkurrenzf\u00e4hige Preise<\/p><p style=\"font-weight: 400;\">Kein Risiko: Reparaturgarantie<\/p>\t\t\t\t\t\t\t\t<\/div>\n\t\t\t\t<\/div>\n\t\t\t\t<div class=\"elementor-element elementor-element-e41b9f9 elementor-laptop-align-left elementor-widget-laptop__width-inherit btn-accent btn-animated elementor-align-left elementor-tablet_extra-align-left elementor-tablet-align-left elementor-mobile_extra-align-left elementor-mobile-align-left elementor-widget-widescreen__width-inherit elementor-widget elementor-widget-button\" data-id=\"e41b9f9\" data-element_type=\"widget\" data-e-type=\"widget\" data-widget_type=\"button.default\">\n\t\t\t\t<div class=\"elementor-widget-container\">\n\t\t\t\t\t\t\t\t\t<div class=\"elementor-button-wrapper\">\n\t\t\t\t\t<a class=\"elementor-button elementor-button-link elementor-size-sm\" href=\"#elementor-action%3Aaction%3Dpopup%3Aopen%26settings%3DeyJpZCI6IjU3MiIsInRvZ2dsZSI6ZmFsc2V9\">\n\t\t\t\t\t\t<span class=\"elementor-button-content-wrapper\">\n\t\t\t\t\t\t\t\t\t<span class=\"elementor-button-text\">Jetzt Kontakt aufnehmen<\/span>\n\t\t\t\t\t<\/span>\n\t\t\t\t\t<\/a>\n\t\t\t\t<\/div>\n\t\t\t\t\t\t\t\t<\/div>\n\t\t\t\t<\/div>\n\t\t\t\t<\/div>\n\t\t\t\t\t<\/div>\n\t\t\t\t<\/div>\n\t\t\t\t<\/div>","protected":false},"excerpt":{"rendered":"<p>Ecu Reparatie Moderne auto&#8217;s zitten vol met elektronica. De ECU, ofwel Electronic Control Unit, is de baas van al die elektronica. Maar wat als uw ECU stuk is? Dan vallen ineens bepaalde functies uit, in sommige gevallen kan uw auto zelfs helemaal stilvallen. Een nieuwe ecu is meestal een prijzige aangelegenheid. Het repareren van de [&hellip;]<\/p>\n","protected":false},"author":1,"featured_media":0,"parent":0,"menu_order":0,"comment_status":"closed","ping_status":"closed","template":"elementor_header_footer","meta":{"footnotes":""},"class_list":["post-1512","page","type-page","status-publish","hentry"],"yoast_head":"<!-- This site is optimized with the Yoast SEO plugin v27.2 - https:\/\/yoast.com\/product\/yoast-seo-wordpress\/ -->\n<title>Ecu Reparatie - Dr. Ecu<\/title>\n<meta name=\"description\" content=\"Zowel hard- als ook softwarematige problemen lossen wij voor u op. Klik op de link voor meer informatie hierover.\" \/>\n<meta name=\"robots\" content=\"index, follow, max-snippet:-1, max-image-preview:large, max-video-preview:-1\" \/>\n<link rel=\"canonical\" href=\"https:\/\/dr-ecu.nl\/de\/snelle-en-professionele-reparatie-van-uw-ecu\/\" \/>\n<meta property=\"og:locale\" content=\"de_DE\" \/>\n<meta property=\"og:type\" content=\"article\" \/>\n<meta property=\"og:title\" content=\"Ecu Reparatie - Dr. Ecu\" \/>\n<meta property=\"og:description\" content=\"Zowel hard- als ook softwarematige problemen lossen wij voor u op. Klik op de link voor meer informatie hierover.\" \/>\n<meta property=\"og:url\" content=\"https:\/\/dr-ecu.nl\/de\/snelle-en-professionele-reparatie-van-uw-ecu\/\" \/>\n<meta property=\"og:site_name\" content=\"Dr. Ecu\" \/>\n<meta property=\"article:publisher\" content=\"https:\/\/www.facebook.com\/dr.ecu.nl\" \/>\n<meta property=\"article:modified_time\" content=\"2024-04-28T15:38:22+00:00\" \/>\n<meta property=\"og:image\" content=\"https:\/\/dr-ecu.nl\/wp-content\/uploads\/ecu_reparatie.jpg\" \/>\n<meta name=\"twitter:card\" content=\"summary_large_image\" \/>\n<meta name=\"twitter:label1\" content=\"Gesch\u00e4tzte Lesezeit\" \/>\n\t<meta name=\"twitter:data1\" content=\"2\u00a0Minuten\" \/>\n<script type=\"application\/ld+json\" class=\"yoast-schema-graph\">{\"@context\":\"https:\/\/schema.org\",\"@graph\":[{\"@type\":\"WebPage\",\"@id\":\"https:\/\/dr-ecu.nl\/snelle-en-professionele-reparatie-van-uw-ecu\/\",\"url\":\"https:\/\/dr-ecu.nl\/snelle-en-professionele-reparatie-van-uw-ecu\/\",\"name\":\"Ecu Reparatie - Dr. Ecu\",\"isPartOf\":{\"@id\":\"https:\/\/dr-ecu.nl\/#website\"},\"primaryImageOfPage\":{\"@id\":\"https:\/\/dr-ecu.nl\/snelle-en-professionele-reparatie-van-uw-ecu\/#primaryimage\"},\"image\":{\"@id\":\"https:\/\/dr-ecu.nl\/snelle-en-professionele-reparatie-van-uw-ecu\/#primaryimage\"},\"thumbnailUrl\":\"https:\/\/dr-ecu.nl\/wp-content\/uploads\/ecu_reparatie.jpg\",\"datePublished\":\"2024-04-28T13:23:56+00:00\",\"dateModified\":\"2024-04-28T15:38:22+00:00\",\"description\":\"Zowel hard- als ook softwarematige problemen lossen wij voor u op. Klik op de link voor meer informatie hierover.\",\"breadcrumb\":{\"@id\":\"https:\/\/dr-ecu.nl\/snelle-en-professionele-reparatie-van-uw-ecu\/#breadcrumb\"},\"inLanguage\":\"de\",\"potentialAction\":[{\"@type\":\"ReadAction\",\"target\":[\"https:\/\/dr-ecu.nl\/snelle-en-professionele-reparatie-van-uw-ecu\/\"]}]},{\"@type\":\"ImageObject\",\"inLanguage\":\"de\",\"@id\":\"https:\/\/dr-ecu.nl\/snelle-en-professionele-reparatie-van-uw-ecu\/#primaryimage\",\"url\":\"https:\/\/dr-ecu.nl\/wp-content\/uploads\/ecu_reparatie.jpg\",\"contentUrl\":\"https:\/\/dr-ecu.nl\/wp-content\/uploads\/ecu_reparatie.jpg\"},{\"@type\":\"BreadcrumbList\",\"@id\":\"https:\/\/dr-ecu.nl\/snelle-en-professionele-reparatie-van-uw-ecu\/#breadcrumb\",\"itemListElement\":[{\"@type\":\"ListItem\",\"position\":1,\"name\":\"Startseite\",\"item\":\"https:\/\/dr-ecu.nl\/\"},{\"@type\":\"ListItem\",\"position\":2,\"name\":\"Ecu Reparatie\"}]},{\"@type\":\"WebSite\",\"@id\":\"https:\/\/dr-ecu.nl\/#website\",\"url\":\"https:\/\/dr-ecu.nl\/\",\"name\":\"Dr. Ecu\",\"description\":\"\",\"publisher\":{\"@id\":\"https:\/\/dr-ecu.nl\/#organization\"},\"potentialAction\":[{\"@type\":\"SearchAction\",\"target\":{\"@type\":\"EntryPoint\",\"urlTemplate\":\"https:\/\/dr-ecu.nl\/?s={search_term_string}\"},\"query-input\":{\"@type\":\"PropertyValueSpecification\",\"valueRequired\":true,\"valueName\":\"search_term_string\"}}],\"inLanguage\":\"de\"},{\"@type\":\"Organization\",\"@id\":\"https:\/\/dr-ecu.nl\/#organization\",\"name\":\"Dr. Ecu\",\"url\":\"https:\/\/dr-ecu.nl\/\",\"logo\":{\"@type\":\"ImageObject\",\"inLanguage\":\"de\",\"@id\":\"https:\/\/dr-ecu.nl\/#\/schema\/logo\/image\/\",\"url\":\"https:\/\/dr-ecu.nl\/wp-content\/uploads\/Dr_Ecu_Logo_RGB_Black.svg\",\"contentUrl\":\"https:\/\/dr-ecu.nl\/wp-content\/uploads\/Dr_Ecu_Logo_RGB_Black.svg\",\"width\":3840,\"height\":772,\"caption\":\"Dr. Ecu\"},\"image\":{\"@id\":\"https:\/\/dr-ecu.nl\/#\/schema\/logo\/image\/\"},\"sameAs\":[\"https:\/\/www.facebook.com\/dr.ecu.nl\",\"https:\/\/www.instagram.com\/dr.ecu.nl\/\"]}]}<\/script>\n<!-- \/ Yoast SEO plugin. -->","yoast_head_json":{"title":"Ecu Reparatie - Dr. Ecu","description":"Wir l\u00f6sen sowohl Hardware- als auch Softwareprobleme f\u00fcr Sie. Klicken Sie auf den Link f\u00fcr weitere Informationen.","robots":{"index":"index","follow":"follow","max-snippet":"max-snippet:-1","max-image-preview":"max-image-preview:large","max-video-preview":"max-video-preview:-1"},"canonical":"https:\/\/dr-ecu.nl\/de\/snelle-en-professionele-reparatie-van-uw-ecu\/","og_locale":"de_DE","og_type":"article","og_title":"Ecu Reparatie - Dr. Ecu","og_description":"Zowel hard- als ook softwarematige problemen lossen wij voor u op. Klik op de link voor meer informatie hierover.","og_url":"https:\/\/dr-ecu.nl\/de\/snelle-en-professionele-reparatie-van-uw-ecu\/","og_site_name":"Dr. Ecu","article_publisher":"https:\/\/www.facebook.com\/dr.ecu.nl","article_modified_time":"2024-04-28T15:38:22+00:00","og_image":[{"url":"https:\/\/dr-ecu.nl\/wp-content\/uploads\/ecu_reparatie.jpg","type":"","width":"","height":""}],"twitter_card":"summary_large_image","twitter_misc":{"Gesch\u00e4tzte Lesezeit":"2\u00a0Minuten"},"schema":{"@context":"https:\/\/schema.org","@graph":[{"@type":"WebPage","@id":"https:\/\/dr-ecu.nl\/snelle-en-professionele-reparatie-van-uw-ecu\/","url":"https:\/\/dr-ecu.nl\/snelle-en-professionele-reparatie-van-uw-ecu\/","name":"Ecu Reparatie - Dr. Ecu","isPartOf":{"@id":"https:\/\/dr-ecu.nl\/#website"},"primaryImageOfPage":{"@id":"https:\/\/dr-ecu.nl\/snelle-en-professionele-reparatie-van-uw-ecu\/#primaryimage"},"image":{"@id":"https:\/\/dr-ecu.nl\/snelle-en-professionele-reparatie-van-uw-ecu\/#primaryimage"},"thumbnailUrl":"https:\/\/dr-ecu.nl\/wp-content\/uploads\/ecu_reparatie.jpg","datePublished":"2024-04-28T13:23:56+00:00","dateModified":"2024-04-28T15:38:22+00:00","description":"Wir l\u00f6sen sowohl Hardware- als auch Softwareprobleme f\u00fcr Sie. Klicken Sie auf den Link f\u00fcr weitere Informationen.","breadcrumb":{"@id":"https:\/\/dr-ecu.nl\/snelle-en-professionele-reparatie-van-uw-ecu\/#breadcrumb"},"inLanguage":"de","potentialAction":[{"@type":"ReadAction","target":["https:\/\/dr-ecu.nl\/snelle-en-professionele-reparatie-van-uw-ecu\/"]}]},{"@type":"ImageObject","inLanguage":"de","@id":"https:\/\/dr-ecu.nl\/snelle-en-professionele-reparatie-van-uw-ecu\/#primaryimage","url":"https:\/\/dr-ecu.nl\/wp-content\/uploads\/ecu_reparatie.jpg","contentUrl":"https:\/\/dr-ecu.nl\/wp-content\/uploads\/ecu_reparatie.jpg"},{"@type":"BreadcrumbList","@id":"https:\/\/dr-ecu.nl\/snelle-en-professionele-reparatie-van-uw-ecu\/#breadcrumb","itemListElement":[{"@type":"ListItem","position":1,"name":"Startseite","item":"https:\/\/dr-ecu.nl\/"},{"@type":"ListItem","position":2,"name":"Ecu Reparatie"}]},{"@type":"WebSite","@id":"https:\/\/dr-ecu.nl\/#website","url":"https:\/\/dr-ecu.nl\/","name":"Dr. Ecu","description":"","publisher":{"@id":"https:\/\/dr-ecu.nl\/#organization"},"potentialAction":[{"@type":"SearchAction","target":{"@type":"EntryPoint","urlTemplate":"https:\/\/dr-ecu.nl\/?s={search_term_string}"},"query-input":{"@type":"PropertyValueSpecification","valueRequired":true,"valueName":"search_term_string"}}],"inLanguage":"de"},{"@type":"Organization","@id":"https:\/\/dr-ecu.nl\/#organization","name":"Dr. Ecu","url":"https:\/\/dr-ecu.nl\/","logo":{"@type":"ImageObject","inLanguage":"de","@id":"https:\/\/dr-ecu.nl\/#\/schema\/logo\/image\/","url":"https:\/\/dr-ecu.nl\/wp-content\/uploads\/Dr_Ecu_Logo_RGB_Black.svg","contentUrl":"https:\/\/dr-ecu.nl\/wp-content\/uploads\/Dr_Ecu_Logo_RGB_Black.svg","width":3840,"height":772,"caption":"Dr. Ecu"},"image":{"@id":"https:\/\/dr-ecu.nl\/#\/schema\/logo\/image\/"},"sameAs":["https:\/\/www.facebook.com\/dr.ecu.nl","https:\/\/www.instagram.com\/dr.ecu.nl\/"]}]}},"_links":{"self":[{"href":"https:\/\/dr-ecu.nl\/de\/wp-json\/wp\/v2\/pages\/1512","targetHints":{"allow":["GET"]}}],"collection":[{"href":"https:\/\/dr-ecu.nl\/de\/wp-json\/wp\/v2\/pages"}],"about":[{"href":"https:\/\/dr-ecu.nl\/de\/wp-json\/wp\/v2\/types\/page"}],"author":[{"embeddable":true,"href":"https:\/\/dr-ecu.nl\/de\/wp-json\/wp\/v2\/users\/1"}],"replies":[{"embeddable":true,"href":"https:\/\/dr-ecu.nl\/de\/wp-json\/wp\/v2\/comments?post=1512"}],"version-history":[{"count":10,"href":"https:\/\/dr-ecu.nl\/de\/wp-json\/wp\/v2\/pages\/1512\/revisions"}],"predecessor-version":[{"id":1601,"href":"https:\/\/dr-ecu.nl\/de\/wp-json\/wp\/v2\/pages\/1512\/revisions\/1601"}],"wp:attachment":[{"href":"https:\/\/dr-ecu.nl\/de\/wp-json\/wp\/v2\/media?parent=1512"}],"curies":[{"name":"wp","href":"https:\/\/api.w.org\/{rel}","templated":true}]}}