{"id":1510,"date":"2024-04-28T15:21:59","date_gmt":"2024-04-28T13:21:59","guid":{"rendered":"https:\/\/dr-ecu.nl\/?page_id=1510"},"modified":"2024-08-08T13:25:00","modified_gmt":"2024-08-08T11:25:00","slug":"autosleutels","status":"publish","type":"page","link":"https:\/\/dr-ecu.nl\/de\/autosleutels\/","title":{"rendered":"Autoschl\u00fcssel"},"content":{"rendered":"<div data-elementor-type=\"wp-page\" data-elementor-id=\"1510\" class=\"elementor elementor-1510\" data-elementor-post-type=\"page\">\n\t\t\t\t<div class=\"elementor-element elementor-element-4095d93 pad-tb-m e-flex e-con-boxed e-con e-parent\" data-id=\"4095d93\" data-element_type=\"container\" data-e-type=\"container\" data-settings=\"{&quot;background_background&quot;:&quot;classic&quot;}\">\n\t\t\t\t\t<div class=\"e-con-inner\">\n\t\t<div class=\"elementor-element elementor-element-cab385c e-con-full e-flex e-con e-child\" data-id=\"cab385c\" data-element_type=\"container\" data-e-type=\"container\">\n\t\t\t\t<div class=\"elementor-element elementor-element-fec5b1b elementor-widget elementor-widget-image\" data-id=\"fec5b1b\" data-element_type=\"widget\" data-e-type=\"widget\" data-widget_type=\"image.default\">\n\t\t\t\t<div class=\"elementor-widget-container\">\n\t\t\t\t\t\t\t\t\t\t\t\t\t\t\t<img fetchpriority=\"high\" decoding=\"async\" width=\"1065\" height=\"710\" src=\"https:\/\/dr-ecu.nl\/wp-content\/uploads\/autosleutels.jpg\" class=\"attachment-full size-full wp-image-1595\" alt=\"\" srcset=\"https:\/\/dr-ecu.nl\/wp-content\/uploads\/autosleutels.jpg 1065w, https:\/\/dr-ecu.nl\/wp-content\/uploads\/autosleutels-300x200.jpg 300w, https:\/\/dr-ecu.nl\/wp-content\/uploads\/autosleutels-1024x683.jpg 1024w, https:\/\/dr-ecu.nl\/wp-content\/uploads\/autosleutels-768x512.jpg 768w\" sizes=\"(max-width: 1065px) 100vw, 1065px\" \/>\t\t\t\t\t\t\t\t\t\t\t\t\t\t\t<\/div>\n\t\t\t\t<\/div>\n\t\t\t\t<div class=\"elementor-element elementor-element-281db3e elementor-widget elementor-widget-heading\" data-id=\"281db3e\" data-element_type=\"widget\" data-e-type=\"widget\" data-widget_type=\"heading.default\">\n\t\t\t\t<div class=\"elementor-widget-container\">\n\t\t\t\t\t<h2 class=\"elementor-heading-title elementor-size-default\">Autoschl\u00fcssel<\/h2>\t\t\t\t<\/div>\n\t\t\t\t<\/div>\n\t\t\t\t<div class=\"elementor-element elementor-element-f9f1e31 elementor-widget elementor-widget-text-editor\" data-id=\"f9f1e31\" data-element_type=\"widget\" data-e-type=\"widget\" data-widget_type=\"text-editor.default\">\n\t\t\t\t<div class=\"elementor-widget-container\">\n\t\t\t\t\t\t\t\t\t<p>Ein zus\u00e4tzlicher Schl\u00fcssel, weil das Auto nur mit einem Schl\u00fcssel geliefert wurde? <br \/>Ein zus\u00e4tzlicher Schl\u00fcssel, weil der Ersatzschl\u00fcssel verloren gegangen ist? <br \/>Kein Problem, mit unserer fortschrittlichen Ausr\u00fcstung und unserem gro\u00dfen Vorrat an Schl\u00fcsseln erledigen wir diese Aufgabe im Handumdrehen! In den meisten F\u00e4llen sogar fertig, w\u00e4hrend Sie warten, falls es l\u00e4nger dauert, informieren wir Sie.<br \/>Ob es sich um einen blo\u00dfen Schl\u00fcssel, einen Schl\u00fcssel mit Fernbedienung oder eine schl\u00fcssellose Fernbedienung handelt, es ist m\u00f6glich, bei uns einen neuen Schl\u00fcssel f\u00fcr fast alle Modelle anfertigen zu lassen.<\/p><p>F\u00fcr weitere Informationen senden Sie uns bitte eine E-Mail oder Whatsapp-Nachricht mit der Zulassungsnummer und einem Bild des alten Schl\u00fcssels.<\/p><p>Tipp des Tages: Sie haben nur 1 Schl\u00fcssel f\u00fcr Ihr Fahrzeug zur Verf\u00fcgung? Dann lassen Sie so schnell wie m\u00f6glich einen zweiten Schl\u00fcssel anfertigen. Die Kosten f\u00fcr die Anfertigung eines Schl\u00fcssels, wenn alle Schl\u00fcssel verloren gegangen sind, sind um ein Vielfaches h\u00f6her als das Kopieren eines vorhandenen Schl\u00fcssels.<br \/>Wenn es nur ein Ersatzschl\u00fcssel sein soll, gen\u00fcgt ein Schl\u00fcssel ohne Fernbedienung.<\/p>\t\t\t\t\t\t\t\t<\/div>\n\t\t\t\t<\/div>\n\t\t\t\t<div class=\"elementor-element elementor-element-e41b9f9 elementor-laptop-align-left elementor-widget-laptop__width-inherit btn-accent btn-animated elementor-align-left elementor-tablet_extra-align-left elementor-tablet-align-left elementor-mobile_extra-align-left elementor-mobile-align-left elementor-widget-widescreen__width-inherit elementor-widget elementor-widget-button\" data-id=\"e41b9f9\" data-element_type=\"widget\" data-e-type=\"widget\" data-widget_type=\"button.default\">\n\t\t\t\t<div class=\"elementor-widget-container\">\n\t\t\t\t\t\t\t\t\t<div class=\"elementor-button-wrapper\">\n\t\t\t\t\t<a class=\"elementor-button elementor-button-link elementor-size-sm\" href=\"#elementor-action%3Aaction%3Dpopup%3Aopen%26settings%3DeyJpZCI6IjU3MiIsInRvZ2dsZSI6ZmFsc2V9\">\n\t\t\t\t\t\t<span class=\"elementor-button-content-wrapper\">\n\t\t\t\t\t\t\t\t\t<span class=\"elementor-button-text\">Jetzt Kontakt aufnehmen<\/span>\n\t\t\t\t\t<\/span>\n\t\t\t\t\t<\/a>\n\t\t\t\t<\/div>\n\t\t\t\t\t\t\t\t<\/div>\n\t\t\t\t<\/div>\n\t\t\t\t<\/div>\n\t\t\t\t\t<\/div>\n\t\t\t\t<\/div>\n\t\t\t\t<\/div>","protected":false},"excerpt":{"rendered":"<p>Autosleutels Een extra sleutel omdat de auto maar met 1 sleutel geleverd werd? Een extra sleuteltje omdat de reservesleutel kwijt is? Geen probleem, met onze geavanceerde apparatuur en de ruime voorraad aan sleutels klaren we deze klus in no time! In de meeste gevallen zelfs klaar terwijl u wacht, duurt het langer dan informeren wij [&hellip;]<\/p>\n","protected":false},"author":1,"featured_media":0,"parent":0,"menu_order":0,"comment_status":"closed","ping_status":"closed","template":"elementor_header_footer","meta":{"footnotes":""},"class_list":["post-1510","page","type-page","status-publish","hentry"],"yoast_head":"<!-- This site is optimized with the Yoast SEO plugin v27.2 - https:\/\/yoast.com\/product\/yoast-seo-wordpress\/ -->\n<title>Autosleutel defect? Wij helpen u snel en goedkoop<\/title>\n<meta name=\"description\" content=\"Reservesleutel kwijt? Extra sleutel nodig maar de dealer is te duur? Bij Dr. Ecu bent u aan het juiste adres.\" \/>\n<meta name=\"robots\" content=\"index, follow, max-snippet:-1, max-image-preview:large, max-video-preview:-1\" \/>\n<link rel=\"canonical\" href=\"https:\/\/dr-ecu.nl\/de\/autosleutels\/\" \/>\n<meta property=\"og:locale\" content=\"de_DE\" \/>\n<meta property=\"og:type\" content=\"article\" \/>\n<meta property=\"og:title\" content=\"Autosleutel defect? Wij helpen u snel en goedkoop\" \/>\n<meta property=\"og:description\" content=\"Reservesleutel kwijt? Extra sleutel nodig maar de dealer is te duur? Bij Dr. Ecu bent u aan het juiste adres.\" \/>\n<meta property=\"og:url\" content=\"https:\/\/dr-ecu.nl\/de\/autosleutels\/\" \/>\n<meta property=\"og:site_name\" content=\"Dr. Ecu\" \/>\n<meta property=\"article:publisher\" content=\"https:\/\/www.facebook.com\/dr.ecu.nl\" \/>\n<meta property=\"article:modified_time\" content=\"2024-08-08T11:25:00+00:00\" \/>\n<meta property=\"og:image\" content=\"https:\/\/dr-ecu.nl\/wp-content\/uploads\/autosleutels.jpg\" \/>\n<meta name=\"twitter:card\" content=\"summary_large_image\" \/>\n<meta name=\"twitter:label1\" content=\"Gesch\u00e4tzte Lesezeit\" \/>\n\t<meta name=\"twitter:data1\" content=\"2\u00a0Minuten\" \/>\n<script type=\"application\/ld+json\" class=\"yoast-schema-graph\">{\"@context\":\"https:\/\/schema.org\",\"@graph\":[{\"@type\":\"WebPage\",\"@id\":\"https:\/\/dr-ecu.nl\/autosleutels\/\",\"url\":\"https:\/\/dr-ecu.nl\/autosleutels\/\",\"name\":\"Autosleutel defect? Wij helpen u snel en goedkoop\",\"isPartOf\":{\"@id\":\"https:\/\/dr-ecu.nl\/#website\"},\"primaryImageOfPage\":{\"@id\":\"https:\/\/dr-ecu.nl\/autosleutels\/#primaryimage\"},\"image\":{\"@id\":\"https:\/\/dr-ecu.nl\/autosleutels\/#primaryimage\"},\"thumbnailUrl\":\"https:\/\/dr-ecu.nl\/wp-content\/uploads\/autosleutels.jpg\",\"datePublished\":\"2024-04-28T13:21:59+00:00\",\"dateModified\":\"2024-08-08T11:25:00+00:00\",\"description\":\"Reservesleutel kwijt? Extra sleutel nodig maar de dealer is te duur? Bij Dr. Ecu bent u aan het juiste adres.\",\"breadcrumb\":{\"@id\":\"https:\/\/dr-ecu.nl\/autosleutels\/#breadcrumb\"},\"inLanguage\":\"de\",\"potentialAction\":[{\"@type\":\"ReadAction\",\"target\":[\"https:\/\/dr-ecu.nl\/autosleutels\/\"]}]},{\"@type\":\"ImageObject\",\"inLanguage\":\"de\",\"@id\":\"https:\/\/dr-ecu.nl\/autosleutels\/#primaryimage\",\"url\":\"https:\/\/dr-ecu.nl\/wp-content\/uploads\/autosleutels.jpg\",\"contentUrl\":\"https:\/\/dr-ecu.nl\/wp-content\/uploads\/autosleutels.jpg\"},{\"@type\":\"BreadcrumbList\",\"@id\":\"https:\/\/dr-ecu.nl\/autosleutels\/#breadcrumb\",\"itemListElement\":[{\"@type\":\"ListItem\",\"position\":1,\"name\":\"Startseite\",\"item\":\"https:\/\/dr-ecu.nl\/\"},{\"@type\":\"ListItem\",\"position\":2,\"name\":\"Autosleutels\"}]},{\"@type\":\"WebSite\",\"@id\":\"https:\/\/dr-ecu.nl\/#website\",\"url\":\"https:\/\/dr-ecu.nl\/\",\"name\":\"Dr. Ecu\",\"description\":\"\",\"publisher\":{\"@id\":\"https:\/\/dr-ecu.nl\/#organization\"},\"potentialAction\":[{\"@type\":\"SearchAction\",\"target\":{\"@type\":\"EntryPoint\",\"urlTemplate\":\"https:\/\/dr-ecu.nl\/?s={search_term_string}\"},\"query-input\":{\"@type\":\"PropertyValueSpecification\",\"valueRequired\":true,\"valueName\":\"search_term_string\"}}],\"inLanguage\":\"de\"},{\"@type\":\"Organization\",\"@id\":\"https:\/\/dr-ecu.nl\/#organization\",\"name\":\"Dr. Ecu\",\"url\":\"https:\/\/dr-ecu.nl\/\",\"logo\":{\"@type\":\"ImageObject\",\"inLanguage\":\"de\",\"@id\":\"https:\/\/dr-ecu.nl\/#\/schema\/logo\/image\/\",\"url\":\"https:\/\/dr-ecu.nl\/wp-content\/uploads\/Dr_Ecu_Logo_RGB_Black.svg\",\"contentUrl\":\"https:\/\/dr-ecu.nl\/wp-content\/uploads\/Dr_Ecu_Logo_RGB_Black.svg\",\"width\":3840,\"height\":772,\"caption\":\"Dr. Ecu\"},\"image\":{\"@id\":\"https:\/\/dr-ecu.nl\/#\/schema\/logo\/image\/\"},\"sameAs\":[\"https:\/\/www.facebook.com\/dr.ecu.nl\",\"https:\/\/www.instagram.com\/dr.ecu.nl\/\"]}]}<\/script>\n<!-- \/ Yoast SEO plugin. -->","yoast_head_json":{"title":"Autosleutel defect? Wij helpen u snel en goedkoop","description":"Ersatzschl\u00fcssel verloren? Sie brauchen einen Ersatzschl\u00fcssel, aber der H\u00e4ndler ist zu teuer? Bei Dr. Ecu sind Sie an der richtigen Adresse.","robots":{"index":"index","follow":"follow","max-snippet":"max-snippet:-1","max-image-preview":"max-image-preview:large","max-video-preview":"max-video-preview:-1"},"canonical":"https:\/\/dr-ecu.nl\/de\/autosleutels\/","og_locale":"de_DE","og_type":"article","og_title":"Autosleutel defect? Wij helpen u snel en goedkoop","og_description":"Reservesleutel kwijt? Extra sleutel nodig maar de dealer is te duur? Bij Dr. Ecu bent u aan het juiste adres.","og_url":"https:\/\/dr-ecu.nl\/de\/autosleutels\/","og_site_name":"Dr. Ecu","article_publisher":"https:\/\/www.facebook.com\/dr.ecu.nl","article_modified_time":"2024-08-08T11:25:00+00:00","og_image":[{"url":"https:\/\/dr-ecu.nl\/wp-content\/uploads\/autosleutels.jpg","type":"","width":"","height":""}],"twitter_card":"summary_large_image","twitter_misc":{"Gesch\u00e4tzte Lesezeit":"2\u00a0Minuten"},"schema":{"@context":"https:\/\/schema.org","@graph":[{"@type":"WebPage","@id":"https:\/\/dr-ecu.nl\/autosleutels\/","url":"https:\/\/dr-ecu.nl\/autosleutels\/","name":"Autosleutel defect? Wij helpen u snel en goedkoop","isPartOf":{"@id":"https:\/\/dr-ecu.nl\/#website"},"primaryImageOfPage":{"@id":"https:\/\/dr-ecu.nl\/autosleutels\/#primaryimage"},"image":{"@id":"https:\/\/dr-ecu.nl\/autosleutels\/#primaryimage"},"thumbnailUrl":"https:\/\/dr-ecu.nl\/wp-content\/uploads\/autosleutels.jpg","datePublished":"2024-04-28T13:21:59+00:00","dateModified":"2024-08-08T11:25:00+00:00","description":"Ersatzschl\u00fcssel verloren? Sie brauchen einen Ersatzschl\u00fcssel, aber der H\u00e4ndler ist zu teuer? Bei Dr. Ecu sind Sie an der richtigen Adresse.","breadcrumb":{"@id":"https:\/\/dr-ecu.nl\/autosleutels\/#breadcrumb"},"inLanguage":"de","potentialAction":[{"@type":"ReadAction","target":["https:\/\/dr-ecu.nl\/autosleutels\/"]}]},{"@type":"ImageObject","inLanguage":"de","@id":"https:\/\/dr-ecu.nl\/autosleutels\/#primaryimage","url":"https:\/\/dr-ecu.nl\/wp-content\/uploads\/autosleutels.jpg","contentUrl":"https:\/\/dr-ecu.nl\/wp-content\/uploads\/autosleutels.jpg"},{"@type":"BreadcrumbList","@id":"https:\/\/dr-ecu.nl\/autosleutels\/#breadcrumb","itemListElement":[{"@type":"ListItem","position":1,"name":"Startseite","item":"https:\/\/dr-ecu.nl\/"},{"@type":"ListItem","position":2,"name":"Autosleutels"}]},{"@type":"WebSite","@id":"https:\/\/dr-ecu.nl\/#website","url":"https:\/\/dr-ecu.nl\/","name":"Dr. Ecu","description":"","publisher":{"@id":"https:\/\/dr-ecu.nl\/#organization"},"potentialAction":[{"@type":"SearchAction","target":{"@type":"EntryPoint","urlTemplate":"https:\/\/dr-ecu.nl\/?s={search_term_string}"},"query-input":{"@type":"PropertyValueSpecification","valueRequired":true,"valueName":"search_term_string"}}],"inLanguage":"de"},{"@type":"Organization","@id":"https:\/\/dr-ecu.nl\/#organization","name":"Dr. Ecu","url":"https:\/\/dr-ecu.nl\/","logo":{"@type":"ImageObject","inLanguage":"de","@id":"https:\/\/dr-ecu.nl\/#\/schema\/logo\/image\/","url":"https:\/\/dr-ecu.nl\/wp-content\/uploads\/Dr_Ecu_Logo_RGB_Black.svg","contentUrl":"https:\/\/dr-ecu.nl\/wp-content\/uploads\/Dr_Ecu_Logo_RGB_Black.svg","width":3840,"height":772,"caption":"Dr. Ecu"},"image":{"@id":"https:\/\/dr-ecu.nl\/#\/schema\/logo\/image\/"},"sameAs":["https:\/\/www.facebook.com\/dr.ecu.nl","https:\/\/www.instagram.com\/dr.ecu.nl\/"]}]}},"_links":{"self":[{"href":"https:\/\/dr-ecu.nl\/de\/wp-json\/wp\/v2\/pages\/1510","targetHints":{"allow":["GET"]}}],"collection":[{"href":"https:\/\/dr-ecu.nl\/de\/wp-json\/wp\/v2\/pages"}],"about":[{"href":"https:\/\/dr-ecu.nl\/de\/wp-json\/wp\/v2\/types\/page"}],"author":[{"embeddable":true,"href":"https:\/\/dr-ecu.nl\/de\/wp-json\/wp\/v2\/users\/1"}],"replies":[{"embeddable":true,"href":"https:\/\/dr-ecu.nl\/de\/wp-json\/wp\/v2\/comments?post=1510"}],"version-history":[{"count":16,"href":"https:\/\/dr-ecu.nl\/de\/wp-json\/wp\/v2\/pages\/1510\/revisions"}],"predecessor-version":[{"id":1699,"href":"https:\/\/dr-ecu.nl\/de\/wp-json\/wp\/v2\/pages\/1510\/revisions\/1699"}],"wp:attachment":[{"href":"https:\/\/dr-ecu.nl\/de\/wp-json\/wp\/v2\/media?parent=1510"}],"curies":[{"name":"wp","href":"https:\/\/api.w.org\/{rel}","templated":true}]}}